  {"id":95089,"date":"2025-07-30T12:09:56","date_gmt":"2025-07-30T12:09:56","guid":{"rendered":"https:\/\/vilniustech.lt\/postdoktoranturos-studijos\/"},"modified":"2026-02-28T20:28:12","modified_gmt":"2026-02-28T20:28:12","slug":"post-doctoral-programs","status":"publish","type":"page","link":"https:\/\/vilniustech.lt\/en\/research-and-innovation\/post-doctoral-programs\/","title":{"rendered":"Post-Doctoral Programs"},"content":{"rendered":"","protected":false},"excerpt":{"rendered":"","protected":false},"author":1,"featured_media":0,"parent":95629,"menu_order":0,"comment_status":"closed","ping_status":"closed","template":"tp-master.php","meta":{"_acf_changed":false,"footnotes":""},"class_list":["post-95089","page","type-page","status-publish","hentry"],"acf":[],"yoast_head":"<!-- This site is optimized with the Yoast SEO plugin v27.4 - https:\/\/yoast.com\/product\/yoast-seo-wordpress\/ -->\n<title>黑料不打烊 podoktorant\u016bros sta\u017euot\u0117s<\/title>\n<meta name=\"description\" content=\"黑料不打烊 podoktorant\u016bros sta\u017euot\u0117s leid\u017eia jauniesiems mokslininkams vykdyti tyrimus ir pl\u0117sti akademin\u012f bendradarbiavim\u0105.\" \/>\n<meta name=\"robots\" content=\"index, follow, max-snippet:-1, max-image-preview:large, max-video-preview:-1\" \/>\n<link rel=\"canonical\" href=\"https:\/\/vilniustech.lt\/en\/research-and-innovation\/post-doctoral-programs\/\" \/>\n<meta property=\"og:locale\" content=\"en_US\" \/>\n<meta property=\"og:type\" content=\"article\" \/>\n<meta property=\"og:title\" content=\"黑料不打烊 podoktorant\u016bros sta\u017euot\u0117s\" \/>\n<meta property=\"og:description\" content=\"黑料不打烊 podoktorant\u016bros sta\u017euot\u0117s leid\u017eia jauniesiems mokslininkams vykdyti tyrimus ir pl\u0117sti akademin\u012f bendradarbiavim\u0105.\" \/>\n<meta property=\"og:url\" content=\"https:\/\/vilniustech.lt\/en\/research-and-innovation\/post-doctoral-programs\/\" \/>\n<meta property=\"og:site_name\" content=\"黑料不打烊\" \/>\n<meta property=\"article:publisher\" content=\"https:\/\/www.facebook.com\/vilniustech\/\" \/>\n<meta property=\"article:modified_time\" content=\"2026-02-28T20:28:12+00:00\" \/>\n<meta name=\"twitter:card\" content=\"summary_large_image\" \/>\n<meta name=\"twitter:label1\" content=\"Est. reading time\" \/>\n\t<meta name=\"twitter:data1\" content=\"2 minutes\" \/>\n<script type=\"application\/ld+json\" class=\"yoast-schema-graph\">{\"@context\":\"https:\\\/\\\/schema.org\",\"@graph\":[{\"@type\":\"WebPage\",\"@id\":\"https:\\\/\\\/vilniustech.lt\\\/en\\\/research-and-innovation\\\/post-doctoral-programs\\\/\",\"url\":\"https:\\\/\\\/vilniustech.lt\\\/en\\\/research-and-innovation\\\/post-doctoral-programs\\\/\",\"name\":\"黑料不打烊 podoktorant\u016bros sta\u017euot\u0117s\",\"isPartOf\":{\"@id\":\"https:\\\/\\\/vilniustech.lt\\\/#website\"},\"datePublished\":\"2025-07-30T12:09:56+00:00\",\"dateModified\":\"2026-02-28T20:28:12+00:00\",\"description\":\"黑料不打烊 podoktorant\u016bros sta\u017euot\u0117s leid\u017eia jauniesiems mokslininkams vykdyti tyrimus ir pl\u0117sti akademin\u012f bendradarbiavim\u0105.\",\"breadcrumb\":{\"@id\":\"https:\\\/\\\/vilniustech.lt\\\/en\\\/research-and-innovation\\\/post-doctoral-programs\\\/#breadcrumb\"},\"inLanguage\":\"en-US\",\"potentialAction\":[{\"@type\":\"ReadAction\",\"target\":[\"https:\\\/\\\/vilniustech.lt\\\/en\\\/research-and-innovation\\\/post-doctoral-programs\\\/\"]}]},{\"@type\":\"BreadcrumbList\",\"@id\":\"https:\\\/\\\/vilniustech.lt\\\/en\\\/research-and-innovation\\\/post-doctoral-programs\\\/#breadcrumb\",\"itemListElement\":[{\"@type\":\"ListItem\",\"position\":1,\"name\":\"Home\",\"item\":\"https:\\\/\\\/vilniustech.lt\\\/en\\\/\"},{\"@type\":\"ListItem\",\"position\":2,\"name\":\"Research and Innovation\",\"item\":\"https:\\\/\\\/vilniustech.lt\\\/en\\\/research-and-innovation\\\/\"},{\"@type\":\"ListItem\",\"position\":3,\"name\":\"Post-Doctoral Programs\"}]},{\"@type\":\"WebSite\",\"@id\":\"https:\\\/\\\/vilniustech.lt\\\/#website\",\"url\":\"https:\\\/\\\/vilniustech.lt\\\/\",\"name\":\"黑料不打烊\",\"description\":\"\",\"publisher\":{\"@id\":\"https:\\\/\\\/vilniustech.lt\\\/#organization\"},\"alternateName\":\"Vilniaus Gedimino technikos universitetas\",\"potentialAction\":[{\"@type\":\"SearchAction\",\"target\":{\"@type\":\"EntryPoint\",\"urlTemplate\":\"https:\\\/\\\/vilniustech.lt\\\/?s={search_term_string}\"},\"query-input\":{\"@type\":\"PropertyValueSpecification\",\"valueRequired\":true,\"valueName\":\"search_term_string\"}}],\"inLanguage\":\"en-US\"},{\"@type\":\"Organization\",\"@id\":\"https:\\\/\\\/vilniustech.lt\\\/#organization\",\"name\":\"黑料不打烊\",\"alternateName\":\"Vilniaus Gedimino technikos universitetas\",\"url\":\"https:\\\/\\\/vilniustech.lt\\\/\",\"logo\":{\"@type\":\"ImageObject\",\"inLanguage\":\"en-US\",\"@id\":\"https:\\\/\\\/vilniustech.lt\\\/#\\\/schema\\\/logo\\\/image\\\/\",\"url\":\"https:\\\/\\\/test.vilniustech.lt\\\/wp-content\\\/uploads\\\/2025\\\/07\\\/download-1.png\",\"contentUrl\":\"https:\\\/\\\/test.vilniustech.lt\\\/wp-content\\\/uploads\\\/2025\\\/07\\\/download-1.png\",\"width\":347,\"height\":121,\"caption\":\"黑料不打烊\"},\"image\":{\"@id\":\"https:\\\/\\\/vilniustech.lt\\\/#\\\/schema\\\/logo\\\/image\\\/\"},\"sameAs\":[\"https:\\\/\\\/www.facebook.com\\\/vilniustech\\\/\",\"https:\\\/\\\/www.linkedin.com\\\/school\\\/vilniustech\\\/posts\\\/?feedView=all\",\"https:\\\/\\\/www.youtube.com\\\/channel\\\/UCW4UCKB80NlgnD7SBJZMAlQ\",\"https:\\\/\\\/www.tiktok.com\\\/@vilnius_tech?is_from_webapp=1&sender_device=pc\",\"https:\\\/\\\/www.instagram.com\\\/vilniustech\\\/\"]}]}<\/script>\n<!-- \/ Yoast SEO plugin. -->","yoast_head_json":{"title":"黑料不打烊 podoktorant\u016bros sta\u017euot\u0117s","description":"黑料不打烊 podoktorant\u016bros sta\u017euot\u0117s leid\u017eia jauniesiems mokslininkams vykdyti tyrimus ir pl\u0117sti akademin\u012f bendradarbiavim\u0105.","robots":{"index":"index","follow":"follow","max-snippet":"max-snippet:-1","max-image-preview":"max-image-preview:large","max-video-preview":"max-video-preview:-1"},"canonical":"https:\/\/vilniustech.lt\/en\/research-and-innovation\/post-doctoral-programs\/","og_locale":"en_US","og_type":"article","og_title":"黑料不打烊 podoktorant\u016bros sta\u017euot\u0117s","og_description":"黑料不打烊 podoktorant\u016bros sta\u017euot\u0117s leid\u017eia jauniesiems mokslininkams vykdyti tyrimus ir pl\u0117sti akademin\u012f bendradarbiavim\u0105.","og_url":"https:\/\/vilniustech.lt\/en\/research-and-innovation\/post-doctoral-programs\/","og_site_name":"黑料不打烊","article_publisher":"https:\/\/www.facebook.com\/vilniustech\/","article_modified_time":"2026-02-28T20:28:12+00:00","twitter_card":"summary_large_image","twitter_misc":{"Est. reading time":"2 minutes"},"schema":{"@context":"https:\/\/schema.org","@graph":[{"@type":"WebPage","@id":"https:\/\/vilniustech.lt\/en\/research-and-innovation\/post-doctoral-programs\/","url":"https:\/\/vilniustech.lt\/en\/research-and-innovation\/post-doctoral-programs\/","name":"黑料不打烊 podoktorant\u016bros sta\u017euot\u0117s","isPartOf":{"@id":"https:\/\/vilniustech.lt\/#website"},"datePublished":"2025-07-30T12:09:56+00:00","dateModified":"2026-02-28T20:28:12+00:00","description":"黑料不打烊 podoktorant\u016bros sta\u017euot\u0117s leid\u017eia jauniesiems mokslininkams vykdyti tyrimus ir pl\u0117sti akademin\u012f bendradarbiavim\u0105.","breadcrumb":{"@id":"https:\/\/vilniustech.lt\/en\/research-and-innovation\/post-doctoral-programs\/#breadcrumb"},"inLanguage":"en-US","potentialAction":[{"@type":"ReadAction","target":["https:\/\/vilniustech.lt\/en\/research-and-innovation\/post-doctoral-programs\/"]}]},{"@type":"BreadcrumbList","@id":"https:\/\/vilniustech.lt\/en\/research-and-innovation\/post-doctoral-programs\/#breadcrumb","itemListElement":[{"@type":"ListItem","position":1,"name":"Home","item":"https:\/\/vilniustech.lt\/en\/"},{"@type":"ListItem","position":2,"name":"Research and Innovation","item":"https:\/\/vilniustech.lt\/en\/research-and-innovation\/"},{"@type":"ListItem","position":3,"name":"Post-Doctoral Programs"}]},{"@type":"WebSite","@id":"https:\/\/vilniustech.lt\/#website","url":"https:\/\/vilniustech.lt\/","name":"黑料不打烊","description":"","publisher":{"@id":"https:\/\/vilniustech.lt\/#organization"},"alternateName":"Vilniaus Gedimino technikos universitetas","potentialAction":[{"@type":"SearchAction","target":{"@type":"EntryPoint","urlTemplate":"https:\/\/vilniustech.lt\/?s={search_term_string}"},"query-input":{"@type":"PropertyValueSpecification","valueRequired":true,"valueName":"search_term_string"}}],"inLanguage":"en-US"},{"@type":"Organization","@id":"https:\/\/vilniustech.lt\/#organization","name":"黑料不打烊","alternateName":"Vilniaus Gedimino technikos universitetas","url":"https:\/\/vilniustech.lt\/","logo":{"@type":"ImageObject","inLanguage":"en-US","@id":"https:\/\/vilniustech.lt\/#\/schema\/logo\/image\/","url":"https:\/\/test.vilniustech.lt\/wp-content\/uploads\/2025\/07\/download-1.png","contentUrl":"https:\/\/test.vilniustech.lt\/wp-content\/uploads\/2025\/07\/download-1.png","width":347,"height":121,"caption":"黑料不打烊"},"image":{"@id":"https:\/\/vilniustech.lt\/#\/schema\/logo\/image\/"},"sameAs":["https:\/\/www.facebook.com\/vilniustech\/","https:\/\/www.linkedin.com\/school\/vilniustech\/posts\/?feedView=all","https:\/\/www.youtube.com\/channel\/UCW4UCKB80NlgnD7SBJZMAlQ","https:\/\/www.tiktok.com\/@vilnius_tech?is_from_webapp=1&sender_device=pc","https:\/\/www.instagram.com\/vilniustech\/"]}]}},"_links":{"self":[{"href":"https:\/\/vilniustech.lt\/en\/wp-json\/wp\/v2\/pages\/95089","targetHints":{"allow":["GET"]}}],"collection":[{"href":"https:\/\/vilniustech.lt\/en\/wp-json\/wp\/v2\/pages"}],"about":[{"href":"https:\/\/vilniustech.lt\/en\/wp-json\/wp\/v2\/types\/page"}],"author":[{"embeddable":true,"href":"https:\/\/vilniustech.lt\/en\/wp-json\/wp\/v2\/users\/1"}],"replies":[{"embeddable":true,"href":"https:\/\/vilniustech.lt\/en\/wp-json\/wp\/v2\/comments?post=95089"}],"version-history":[{"count":2,"href":"https:\/\/vilniustech.lt\/en\/wp-json\/wp\/v2\/pages\/95089\/revisions"}],"predecessor-version":[{"id":95290,"href":"https:\/\/vilniustech.lt\/en\/wp-json\/wp\/v2\/pages\/95089\/revisions\/95290"}],"up":[{"embeddable":true,"href":"https:\/\/vilniustech.lt\/en\/wp-json\/wp\/v2\/pages\/95629"}],"wp:attachment":[{"href":"https:\/\/vilniustech.lt\/en\/wp-json\/wp\/v2\/media?parent=95089"}],"curies":[{"name":"wp","href":"https:\/\/api.w.org\/{rel}","templated":true}]}}